
{"id":146,"date":"2023-04-05T16:09:17","date_gmt":"2023-04-05T16:09:17","guid":{"rendered":"https:\/\/paliwa.mielec.in\/?page_id=146"},"modified":"2023-04-05T16:09:17","modified_gmt":"2023-04-05T16:09:17","slug":"hurtowe-dostawy-paliw","status":"publish","type":"page","link":"https:\/\/paliwa.mielec.in\/index.php\/hurtowe-dostawy-paliw\/","title":{"rendered":"Hurtowe dostawy paliw"},"content":{"rendered":"\n<h2 class=\"wp-block-heading has-text-align-center\"><strong>Obszar naszego dzia\u0142ania<br>nie ogranicza si\u0119 wy\u0142\u0105cznie do powiatu mieleckiego.<\/strong><\/h2>\n\n\n\n<p><\/p>\n\n\n\n<p><\/p>\n\n\n\n<p class=\"has-medium-font-size\"><strong>Dostarczamy hurtowe ilo\u015bci paliw wielu klientom w promieniu oko\u0142o\u00a075 kilometr\u00f3w od naszej siedziby, ale je\u015bli to konieczne wybierzemy si\u0119 te\u017c dalej.<\/strong><\/p>\n\n\n<div class=\"wp-block-image\">\n<figure class=\"aligncenter size-full is-resized\"><img loading=\"lazy\" decoding=\"async\" src=\"https:\/\/paliwa.mielec.in\/wp-content\/uploads\/2023\/04\/paliwo-hurt-paliw-mielec-1.png\" alt=\"\" class=\"wp-image-147\" width=\"575\" height=\"577\" srcset=\"https:\/\/paliwa.mielec.in\/wp-content\/uploads\/2023\/04\/paliwo-hurt-paliw-mielec-1.png 575w, https:\/\/paliwa.mielec.in\/wp-content\/uploads\/2023\/04\/paliwo-hurt-paliw-mielec-1-300x300.png 300w, https:\/\/paliwa.mielec.in\/wp-content\/uploads\/2023\/04\/paliwo-hurt-paliw-mielec-1-150x150.png 150w\" sizes=\"auto, (max-width: 575px) 100vw, 575px\" \/><\/figure>\n<\/div>\n\n\n<p><\/p>\n\n\n\n<p class=\"has-medium-font-size\">Dostawy realizujemy zwykle z dnia na dzie\u0144, pracujemy r\u00f3wnie\u017c w soboty, a dla naszych sta\u0142ych klient\u00f3w poza ci\u0105g\u0142o\u015bci\u0105 dostaw mamy wiele ciekawych propozycji\u00a0jak np. zbiorniki do przechowywania paliwa we w\u0142asnym zakresie, uk\u0142ady wydawcze (dystrybutory), mo\u017cliwo\u015b\u0107 tankowania hurtowych ilo\u015bci w hurtowych cenach na naszej stacji oraz mo\u017cliwo\u015b\u0107 sta\u0142ej wsp\u00f3\u0142pracy dzi\u0119ki kt\u00f3rej zyskacie Pa\u0144stwo d\u0142u\u017csze terminy p\u0142atno\u015bci i lepsze propozycje cenowe.<\/p>\n\n\n\n<p><\/p>\n\n\n\n<h4 class=\"wp-block-heading has-text-align-center\"><strong>Serdecznie zapraszamy do kontaktu!&nbsp;<\/strong><\/h4>\n","protected":false},"excerpt":{"rendered":"<p>Obszar naszego dzia\u0142anianie ogranicza si\u0119 wy\u0142\u0105cznie do powiatu mieleckiego. Dostarczamy hurtowe ilo\u015bci paliw wielu klientom w promieniu oko\u0142o\u00a075 kilometr\u00f3w od naszej siedziby, ale je\u015bli to konieczne wybierzemy si\u0119 te\u017c dalej. Dostawy realizujemy zwykle z dnia na dzie\u0144, pracujemy r\u00f3wnie\u017c w soboty, a dla naszych sta\u0142ych klient\u00f3w poza ci\u0105g\u0142o\u015bci\u0105 dostaw mamy wiele ciekawych propozycji\u00a0jak np. zbiorniki &hellip; <\/p>\n<p class=\"link-more\"><a href=\"https:\/\/paliwa.mielec.in\/index.php\/hurtowe-dostawy-paliw\/\" class=\"more-link\">Continue reading<span class=\"screen-reader-text\"> &#8222;Hurtowe dostawy paliw&#8221;<\/span><\/a><\/p>\n","protected":false},"author":1,"featured_media":0,"parent":0,"menu_order":0,"comment_status":"closed","ping_status":"closed","template":"","meta":{"footnotes":""},"class_list":["post-146","page","type-page","status-publish","hentry"],"_links":{"self":[{"href":"https:\/\/paliwa.mielec.in\/index.php\/wp-json\/wp\/v2\/pages\/146","targetHints":{"allow":["GET"]}}],"collection":[{"href":"https:\/\/paliwa.mielec.in\/index.php\/wp-json\/wp\/v2\/pages"}],"about":[{"href":"https:\/\/paliwa.mielec.in\/index.php\/wp-json\/wp\/v2\/types\/page"}],"author":[{"embeddable":true,"href":"https:\/\/paliwa.mielec.in\/index.php\/wp-json\/wp\/v2\/users\/1"}],"replies":[{"embeddable":true,"href":"https:\/\/paliwa.mielec.in\/index.php\/wp-json\/wp\/v2\/comments?post=146"}],"version-history":[{"count":8,"href":"https:\/\/paliwa.mielec.in\/index.php\/wp-json\/wp\/v2\/pages\/146\/revisions"}],"predecessor-version":[{"id":156,"href":"https:\/\/paliwa.mielec.in\/index.php\/wp-json\/wp\/v2\/pages\/146\/revisions\/156"}],"wp:attachment":[{"href":"https:\/\/paliwa.mielec.in\/index.php\/wp-json\/wp\/v2\/media?parent=146"}],"curies":[{"name":"wp","href":"https:\/\/api.w.org\/{rel}","templated":true}]}}