
{"id":51,"date":"2022-10-17T00:20:28","date_gmt":"2022-10-17T00:20:28","guid":{"rendered":"https:\/\/paliwa.mielec.in\/?page_id=51"},"modified":"2023-04-05T16:38:34","modified_gmt":"2023-04-05T16:38:34","slug":"paliwa-plynne-dostawa","status":"publish","type":"page","link":"https:\/\/paliwa.mielec.in\/index.php\/paliwa-plynne-dostawa\/","title":{"rendered":"Paliwa P\u0142ynne z dowozem"},"content":{"rendered":"\n<h3 class=\"wp-block-heading has-text-align-center\"><strong>Produkty jakie aktualnie posiadamy w swojej ofercie:<\/strong><\/h3>\n\n\n\n<ul class=\"wp-block-list\">\n<li class=\"has-medium-font-size\"><strong>Olej Nap\u0119dowy Ekodiesel<\/strong> B-7<\/li>\n\n\n\n<li class=\"has-medium-font-size\"><strong>Olej Nap\u0119dowy B-0<\/strong><\/li>\n\n\n\n<li class=\"has-medium-font-size\"><strong>Olej Nap\u0119dowy Arktyczny 2<\/strong><\/li>\n\n\n\n<li class=\"has-medium-font-size\"><strong>Olej Nap\u0119dowy Grzewczy Ekoterm Plus (opa\u0142owy)<\/strong><\/li>\n\n\n\n<li class=\"has-medium-font-size\"><strong>BIO 100 (FAME BioDiesel)<\/strong><\/li>\n\n\n\n<li class=\"has-medium-font-size\"><strong>Benzyna bezo\u0142owiowa &#8211; Eurosuper 95<\/strong><\/li>\n\n\n\n<li class=\"has-medium-font-size\"><strong>Benzyna bezo\u0142owiowa &#8211; Super Plus 98<\/strong><\/li>\n<\/ul>\n\n\n\n<h3 class=\"wp-block-heading has-text-align-center\">Czynnik\u00f3w wp\u0142ywaj\u0105cych na cen\u0119 ko\u0144cow\u0105 litra produktu jest kilka, oto one:<\/h3>\n\n\n\n<ul class=\"wp-block-list\">\n<li class=\"has-medium-font-size\"><strong>Cena hurtowa PKN Orlen. <\/strong>Hurtowa cena surowca to podstawowa cena 1m3 danego paliwa. Zawsze znajdziesz j\u0105 na wykresach na naszej stronie. Obowi\u0105zuje ona\u00a0wszystkich naszych klient\u00f3w. Od niej w zale\u017cno\u015bci od innych czynnik\u00f3w przyznajemy rabaty.<\/li>\n\n\n\n<li class=\"has-medium-font-size\"><strong>Odleg\u0142o\u015b\u0107 miejsca dostawy. <\/strong>Gdy miejsce dostawy jest odleg\u0142e od miasta Mielec lub nie le\u017cy na aktualnie zaplanowanej trasie przejazdu cena mo\u017ce wzrosn\u0105\u0107. Zwi\u0105zane jest to z wi\u0119kszymi kosztami dostawy w kt\u00f3re wlicza si\u0119: amortyzacj\u0119 i paliwo spalone przez cystern\u0119 oraz dodatkowy czas pracy kierowcy.<\/li>\n\n\n\n<li class=\"has-medium-font-size\"><strong>Ilo\u015b\u0107 zamawianego paliwa. <\/strong>Minimalna ilo\u015b\u0107 hurtowa to 1m3 (1000 litr\u00f3w), im wi\u0119cej paliwa zam\u00f3wisz tym koszystniejsza mo\u017ce okaza\u0107 si\u0119 jego cena. Aby m\u00f3c gromadzi\u0107 wi\u0119ksze ilo\u015bci paliwa na w\u0142asne potrzeby zaleca si\u0119 kupno specjalnego zbiornika z dystrybutorem \u2013 to rozwi\u0105zanie pozwala ograniczy\u0107 cz\u0119stotliwo\u015b\u0107 dostaw, uniezale\u017cni\u0107 si\u0119 od stacji benzynowych i uzyska\u0107 lepsz\u0105 cen\u0119 paliwa dzi\u0119ki realizacji wi\u0119kszych dostaw.<\/li>\n\n\n\n<li class=\"has-medium-font-size\"><strong>Ci\u0105g\u0142o\u015b\u0107 wsp\u00f3\u0142pracy. <\/strong>Zamawiasz u nas paliwo ju\u017c jaki\u015b czas? Potrzebujesz cz\u0119stych hurtowych dostaw? Dla os\u00f3b takich jak Ty mamy specjalne warunki wsp\u00f3\u0142pracy. Wi\u0119cej informacji? \u2013 Prosimy o kontakt\u00a0<\/li>\n\n\n\n<li class=\"has-medium-font-size\"><strong>Terminowo\u015b\u0107 i spos\u00f3b p\u0142atno\u015bci. <\/strong>Je\u015bli Twoje faktury p\u0142acone s\u0105 w terminie, wzrasta Twoja wiarygodno\u015b\u0107, dzi\u0119ki czemu mo\u017cesz poprosi\u0107 o wyd\u0142u\u017cenie terminu p\u0142atno\u015bci w przysz\u0142ych zam\u00f3wieniach. Je\u015bli za\u015b jeste\u015b fanem got\u00f3wki \u2013 r\u00f3wnie\u017c zapraszamy. Przy p\u0142atno\u015bci got\u00f3wk\u0105 w dniu dostawy zap\u0142acisz mniej!<\/li>\n<\/ul>\n\n\n\n<figure class=\"wp-block-image size-large\"><img loading=\"lazy\" decoding=\"async\" width=\"1024\" height=\"543\" src=\"https:\/\/paliwa.mielec.in\/wp-content\/uploads\/2022\/10\/dostawa-paliw-hurt-olej-napedowy-1024x543.png\" alt=\"\" class=\"wp-image-38\" srcset=\"https:\/\/paliwa.mielec.in\/wp-content\/uploads\/2022\/10\/dostawa-paliw-hurt-olej-napedowy-1024x543.png 1024w, https:\/\/paliwa.mielec.in\/wp-content\/uploads\/2022\/10\/dostawa-paliw-hurt-olej-napedowy-300x159.png 300w, https:\/\/paliwa.mielec.in\/wp-content\/uploads\/2022\/10\/dostawa-paliw-hurt-olej-napedowy-768x408.png 768w, https:\/\/paliwa.mielec.in\/wp-content\/uploads\/2022\/10\/dostawa-paliw-hurt-olej-napedowy.png 1044w\" sizes=\"auto, (max-width: 1024px) 100vw, 1024px\" \/><\/figure>\n\n\n\n<p class=\"has-medium-font-size\"><strong>Hurt paliw jak sama nazwa wskazuje<\/strong>&nbsp;<strong>to zakup du\u017cej ilo\u015bci produktu, mimo to nasza oferta rozpoczyna si\u0119 od ilo\u015bci stosunkowo niewielkich, rz\u0119du setek litr\u00f3w. Dostawa pod wskazany adres dost\u0119pna jest zwykle od ilo\u015bci przynajmniej 500 litr\u00f3w.<\/strong><\/p>\n","protected":false},"excerpt":{"rendered":"<p>Produkty jakie aktualnie posiadamy w swojej ofercie: Czynnik\u00f3w wp\u0142ywaj\u0105cych na cen\u0119 ko\u0144cow\u0105 litra produktu jest kilka, oto one: Hurt paliw jak sama nazwa wskazuje&nbsp;to zakup du\u017cej ilo\u015bci produktu, mimo to nasza oferta rozpoczyna si\u0119 od ilo\u015bci stosunkowo niewielkich, rz\u0119du setek litr\u00f3w. Dostawa pod wskazany adres dost\u0119pna jest zwykle od ilo\u015bci przynajmniej 500 litr\u00f3w.<\/p>\n","protected":false},"author":1,"featured_media":0,"parent":0,"menu_order":0,"comment_status":"closed","ping_status":"closed","template":"","meta":{"footnotes":""},"class_list":["post-51","page","type-page","status-publish","hentry"],"_links":{"self":[{"href":"https:\/\/paliwa.mielec.in\/index.php\/wp-json\/wp\/v2\/pages\/51","targetHints":{"allow":["GET"]}}],"collection":[{"href":"https:\/\/paliwa.mielec.in\/index.php\/wp-json\/wp\/v2\/pages"}],"about":[{"href":"https:\/\/paliwa.mielec.in\/index.php\/wp-json\/wp\/v2\/types\/page"}],"author":[{"embeddable":true,"href":"https:\/\/paliwa.mielec.in\/index.php\/wp-json\/wp\/v2\/users\/1"}],"replies":[{"embeddable":true,"href":"https:\/\/paliwa.mielec.in\/index.php\/wp-json\/wp\/v2\/comments?post=51"}],"version-history":[{"count":3,"href":"https:\/\/paliwa.mielec.in\/index.php\/wp-json\/wp\/v2\/pages\/51\/revisions"}],"predecessor-version":[{"id":164,"href":"https:\/\/paliwa.mielec.in\/index.php\/wp-json\/wp\/v2\/pages\/51\/revisions\/164"}],"wp:attachment":[{"href":"https:\/\/paliwa.mielec.in\/index.php\/wp-json\/wp\/v2\/media?parent=51"}],"curies":[{"name":"wp","href":"https:\/\/api.w.org\/{rel}","templated":true}]}}