
{"id":8,"date":"2022-10-16T23:23:23","date_gmt":"2022-10-16T23:23:23","guid":{"rendered":"https:\/\/paliwa.mielec.in\/?page_id=8"},"modified":"2026-01-01T00:29:19","modified_gmt":"2026-01-01T00:29:19","slug":"paliwa-mielec","status":"publish","type":"page","link":"https:\/\/paliwa.mielec.in\/","title":{"rendered":"Paliwa Mielec &#8211; Hurtowa sprzeda\u017c paliw z dowozem."},"content":{"rendered":"\n<p><\/p>\n\n\n\n<h3 class=\"wp-block-heading has-text-align-center has-vivid-red-color has-text-color\"><strong>Hurtem paliw zajmujemy si\u0119 od kilkunastu lat<\/strong><\/h3>\n\n\n\n\n\n\n\n<p class=\"has-text-align-left has-medium-font-size\"><br>W ci\u0105gu ostatniego \u0107wier\u0107wiecza obs\u0142u\u017cyli\u015bmy setki zadowolonych klient\u00f3w, kt\u00f3rzy regularnie do nas powracaj\u0105. Handlujemy paliwami tylko najwy\u017cszej jako\u015bci. W naszej ofercie znajd\u0105 pa\u0144stwo\u00a0paliwa p\u0142ynne oraz atestowane zbiorniki z uk\u0142adami wydawczymi (dystrybutorami) przeznaczone do przechowywania i dystrybuowania sprzedawanych przez nas paliw na potrzeby w\u0142asne.<\/p>\n\n\n\n<p class=\"has-medium-font-size\">Swoj\u0105 ofert\u0119 kierujemy g\u0142\u00f3wnie do&nbsp;firm transportowych, rolnik\u00f3w i instytucji publicznych oraz os\u00f3b prywatnych zu\u017cywaj\u0105cych du\u017ce ilo\u015bci paliwa.<\/p>\n\n\n\n<p class=\"has-medium-font-size\"><strong>Zapraszamy do zapoznania si\u0119 z nasz\u0105 ofert\u0105. <\/strong><strong>W razie pyta\u0144 pozostajemy do Pa\u0144stwa dyspozycji pod numerem telefonu: <\/strong><a href=\"tel:+48608071412\" data-type=\"tel\" data-id=\"tel:+48608071412\">+48 608 071 412<\/a><\/p>\n\n\n\n<h4 class=\"wp-block-heading\">Sprzeda\u017c paliw<\/h4>\n\n\n\n<p><strong>Paliwa dost\u0119pne w naszej ofercie s\u0105 zawsze najwy\u017cszej jako\u015bci.&nbsp;Swoim kontrachentom oferujemy szerok\u0105 gam\u0119 paliw dost\u0119pnych w aktualnych hurtowych cenach. <a href=\"#\">Czytaj wi\u0119cej<\/a><\/strong><\/p>\n\n\n\n<h4 class=\"wp-block-heading\">Dostawa paliw<\/h4>\n\n\n\n<p><strong>Zakupione u nas towary dostarczamy pod wskazany adres w\u0142asnym transportem. W przypadku ch\u0119ci odbioru dostawy poprzez stacj\u0119 paliw &#8211; r\u00f3wnie\u017c istnieje taka mo\u017cliwo\u015b\u0107.&nbsp;<a href=\"#\">Czytaj wi\u0119cej<\/a><\/strong><\/p>\n\n\n\n<h4 class=\"wp-block-heading\">Zbiorniki paliwowe<\/h4>\n\n\n\n<p><strong>Szukasz czego\u015b w czym m\u00f3g\u0142by\u015b przechowywa\u0107 paliwo na zapas? Z my\u015bl\u0105 o ludziach takich jak Ty zaj\u0119li\u015bmy si\u0119 handlem zbiornikami na paliwo. <a href=\"#\">Czytaj wi\u0119cej<\/a><\/strong><\/p>\n\n\n\n<h4 class=\"wp-block-heading\">Uk\u0142ady wydawcze<\/h4>\n\n\n\n<p><strong>Chcesz mie\u0107 kontrol\u0119 nad wydatkami na paliwo? Stworzone specjalnie do tego celu uk\u0142ady wydawcze pomog\u0105 wyeliminowa\u0107 niepotrzebne wydatki. <a href=\"#\">Czytaj wi\u0119cej<\/a><\/strong><\/p>\n\n\n\n<h4 class=\"wp-block-heading\">Nasza g\u0142\u00f3wna oferta:<\/h4>\n\n\n\n<ul class=\"wp-block-list\">\n<li><strong>Olej nap\u0119dowy ekodiesel (B7)<\/strong><\/li>\n\n\n\n<li><strong>Olej nap\u0119dowy bez dodatk\u00f3w BIO (B0)<\/strong><\/li>\n\n\n\n<li><strong>Olej opa\u0142owy lekki EKOTERM<\/strong><\/li>\n\n\n\n<li><strong>Benzyna Pb95, Pb98<\/strong><\/li>\n\n\n\n<li><strong>Dwup\u0142aszczowe zbiorniki na paliwa p\u0142ynne<\/strong><br>do u\u017cytku w firmach i gospodarstwach rolnych<\/li>\n\n\n\n<li><strong>Mobilne zbiorniki na paliwa do prac w terenie<\/strong><br>(m.in na budow\u0119, prace w polu, roboty drogowe)<\/li>\n<\/ul>\n","protected":false},"excerpt":{"rendered":"<p>Hurtem paliw zajmujemy si\u0119 od kilkunastu lat W ci\u0105gu ostatniego \u0107wier\u0107wiecza obs\u0142u\u017cyli\u015bmy setki zadowolonych klient\u00f3w, kt\u00f3rzy regularnie do nas powracaj\u0105. Handlujemy paliwami tylko najwy\u017cszej jako\u015bci. W naszej ofercie znajd\u0105 pa\u0144stwo\u00a0paliwa p\u0142ynne oraz atestowane zbiorniki z uk\u0142adami wydawczymi (dystrybutorami) przeznaczone do przechowywania i dystrybuowania sprzedawanych przez nas paliw na potrzeby w\u0142asne. Swoj\u0105 ofert\u0119 kierujemy g\u0142\u00f3wnie do&nbsp;firm &hellip; <\/p>\n<p class=\"link-more\"><a href=\"https:\/\/paliwa.mielec.in\/\" class=\"more-link\">Continue reading<span class=\"screen-reader-text\"> &#8222;Paliwa Mielec &#8211; Hurtowa sprzeda\u017c paliw z dowozem.&#8221;<\/span><\/a><\/p>\n","protected":false},"author":1,"featured_media":31,"parent":0,"menu_order":0,"comment_status":"closed","ping_status":"closed","template":"page-template\/page-with-left-sidebar.php","meta":{"footnotes":""},"class_list":["post-8","page","type-page","status-publish","has-post-thumbnail","hentry"],"_links":{"self":[{"href":"https:\/\/paliwa.mielec.in\/index.php\/wp-json\/wp\/v2\/pages\/8","targetHints":{"allow":["GET"]}}],"collection":[{"href":"https:\/\/paliwa.mielec.in\/index.php\/wp-json\/wp\/v2\/pages"}],"about":[{"href":"https:\/\/paliwa.mielec.in\/index.php\/wp-json\/wp\/v2\/types\/page"}],"author":[{"embeddable":true,"href":"https:\/\/paliwa.mielec.in\/index.php\/wp-json\/wp\/v2\/users\/1"}],"replies":[{"embeddable":true,"href":"https:\/\/paliwa.mielec.in\/index.php\/wp-json\/wp\/v2\/comments?post=8"}],"version-history":[{"count":16,"href":"https:\/\/paliwa.mielec.in\/index.php\/wp-json\/wp\/v2\/pages\/8\/revisions"}],"predecessor-version":[{"id":188,"href":"https:\/\/paliwa.mielec.in\/index.php\/wp-json\/wp\/v2\/pages\/8\/revisions\/188"}],"wp:featuredmedia":[{"embeddable":true,"href":"https:\/\/paliwa.mielec.in\/index.php\/wp-json\/wp\/v2\/media\/31"}],"wp:attachment":[{"href":"https:\/\/paliwa.mielec.in\/index.php\/wp-json\/wp\/v2\/media?parent=8"}],"curies":[{"name":"wp","href":"https:\/\/api.w.org\/{rel}","templated":true}]}}